{"id":3634,"date":"2023-01-15T12:51:17","date_gmt":"2023-01-15T12:51:17","guid":{"rendered":"https:\/\/www.biax.de\/product\/non%20class\u00e9\/dv-6-starr-seele-6-mm-max-30-000-1-min\/"},"modified":"2024-03-05T06:50:15","modified_gmt":"2024-03-05T06:50:15","slug":"dv-6-starr-seele-6-mm-max-30-000-1-min","status":"publish","type":"product","link":"https:\/\/biax.de\/fr\/product\/dv-6-starr-seele-6-mm-max-30-000-1-min\/","title":{"rendered":"DV 6 rigide &#8211; \u00e2me 6 mm, max. 30 000 1\/min"},"content":{"rendered":"<p>Longueur 2000 mm (dont 500mm de rallonge rigide), \u00e2me de l&rsquo;arbre \u00d8 6 mm, gaine de protection en caoutchouc \u00d8 13,5 mm \/ partie rigide \u00d8 ext\u00e9rieur 20 mm.<br \/>\nPour les travaux l\u00e9gers de pon\u00e7age, de polissage et de fraisage.<\/p>\n","protected":false},"excerpt":{"rendered":"<p>Longueur 2000 mm (dont 500mm de rallonge rigide), \u00e2me de l&rsquo;arbre \u00d8 6 mm, gaine de protection en caoutchouc \u00d8 13,5 mm \/ partie rigide \u00d8 ext\u00e9rieur 20 mm. Pour les travaux l\u00e9gers de pon\u00e7age, de polissage et de fraisage.<\/p>\n","protected":false},"featured_media":2706,"comment_status":"open","ping_status":"closed","template":"","meta":{"_acf_changed":false,"inline_featured_image":false},"product_brand":[],"product_cat":[297],"product_tag":[],"class_list":{"0":"post-3634","1":"product","2":"type-product","3":"status-publish","4":"has-post-thumbnail","6":"product_cat-fur-maschinen-mb-20-3-g-fr","7":"entry","9":"first","10":"instock","11":"shipping-taxable","12":"product-type-simple"},"acf":[],"_links":{"self":[{"href":"https:\/\/biax.de\/fr\/wp-json\/wp\/v2\/product\/3634","targetHints":{"allow":["GET"]}}],"collection":[{"href":"https:\/\/biax.de\/fr\/wp-json\/wp\/v2\/product"}],"about":[{"href":"https:\/\/biax.de\/fr\/wp-json\/wp\/v2\/types\/product"}],"replies":[{"embeddable":true,"href":"https:\/\/biax.de\/fr\/wp-json\/wp\/v2\/comments?post=3634"}],"wp:featuredmedia":[{"embeddable":true,"href":"https:\/\/biax.de\/fr\/wp-json\/wp\/v2\/media\/2706"}],"wp:attachment":[{"href":"https:\/\/biax.de\/fr\/wp-json\/wp\/v2\/media?parent=3634"}],"wp:term":[{"taxonomy":"product_brand","embeddable":true,"href":"https:\/\/biax.de\/fr\/wp-json\/wp\/v2\/product_brand?post=3634"},{"taxonomy":"product_cat","embeddable":true,"href":"https:\/\/biax.de\/fr\/wp-json\/wp\/v2\/product_cat?post=3634"},{"taxonomy":"product_tag","embeddable":true,"href":"https:\/\/biax.de\/fr\/wp-json\/wp\/v2\/product_tag?post=3634"}],"curies":[{"name":"wp","href":"https:\/\/api.w.org\/{rel}","templated":true}]}}