{"id":3751,"date":"2023-01-10T19:24:24","date_gmt":"2023-01-10T19:24:24","guid":{"rendered":"https:\/\/www.biax.de\/product\/non%20class\u00e9\/r-4112-12-000-1-min\/"},"modified":"2024-06-11T18:52:09","modified_gmt":"2024-06-11T18:52:09","slug":"r-4112-12-000-1-min","status":"publish","type":"product","link":"https:\/\/biax.de\/fr\/product\/r-4112-12-000-1-min\/","title":{"rendered":"R 4112 \u2013 12.000 1\/min"},"content":{"rendered":"<p>Les principaux avantages en un coup d&rsquo;\u0153il : &#8211; Dimensions r\u00e9duites &#8211; Moteur \u00e0 lamelles puissant &#8211; Haute pr\u00e9cision de rotation &#8211; Capacit\u00e9 de charge jusqu&rsquo;\u00e0 l&rsquo;arr\u00eat &#8211; Respect de l&rsquo;environnement gr\u00e2ce \u00e0 l&rsquo;\u00e9vacuation centrale de l&rsquo;air &#8211; Faible niveau sonore &#8211; Corps en acier stable pour le serrage La broche porte-meule peut \u00eatre livr\u00e9e \u00e0 l&rsquo;avant, au niveau de la broche porte-outil, avec une protection contre les projections d&rsquo;eau et les copeaux tournant avec elle.<\/p>\n","protected":false},"excerpt":{"rendered":"<p>Les principaux avantages en un coup d&rsquo;\u0153il : &#8211; Dimensions r\u00e9duites &#8211; Moteur \u00e0 lamelles puissant &#8211; Haute pr\u00e9cision de rotation &#8211; Capacit\u00e9 de charge jusqu&rsquo;\u00e0 l&rsquo;arr\u00eat &#8211; Respect de l&rsquo;environnement gr\u00e2ce \u00e0 l&rsquo;\u00e9vacuation centrale de l&rsquo;air &#8211; Faible niveau sonore &#8211; Corps en acier stable pour le serrage La broche porte-meule peut \u00eatre livr\u00e9e&hellip; <a class=\"more-link\" href=\"https:\/\/biax.de\/fr\/product\/r-4112-12-000-1-min\/\">Poursuivre la lecture <span class=\"screen-reader-text\">R 4112 \u2013 12.000 1\/min<\/span><\/a><\/p>\n","protected":false},"featured_media":2562,"comment_status":"open","ping_status":"closed","template":"","meta":{"_acf_changed":false,"inline_featured_image":false},"product_brand":[],"product_cat":[303],"product_tag":[],"class_list":{"0":"post-3751","1":"product","2":"type-product","3":"status-publish","4":"has-post-thumbnail","6":"product_cat-gerade-spindeln-fr","7":"entry","9":"first","10":"instock","11":"shipping-taxable","12":"product-type-simple"},"acf":[],"_links":{"self":[{"href":"https:\/\/biax.de\/fr\/wp-json\/wp\/v2\/product\/3751","targetHints":{"allow":["GET"]}}],"collection":[{"href":"https:\/\/biax.de\/fr\/wp-json\/wp\/v2\/product"}],"about":[{"href":"https:\/\/biax.de\/fr\/wp-json\/wp\/v2\/types\/product"}],"replies":[{"embeddable":true,"href":"https:\/\/biax.de\/fr\/wp-json\/wp\/v2\/comments?post=3751"}],"wp:featuredmedia":[{"embeddable":true,"href":"https:\/\/biax.de\/fr\/wp-json\/wp\/v2\/media\/2562"}],"wp:attachment":[{"href":"https:\/\/biax.de\/fr\/wp-json\/wp\/v2\/media?parent=3751"}],"wp:term":[{"taxonomy":"product_brand","embeddable":true,"href":"https:\/\/biax.de\/fr\/wp-json\/wp\/v2\/product_brand?post=3751"},{"taxonomy":"product_cat","embeddable":true,"href":"https:\/\/biax.de\/fr\/wp-json\/wp\/v2\/product_cat?post=3751"},{"taxonomy":"product_tag","embeddable":true,"href":"https:\/\/biax.de\/fr\/wp-json\/wp\/v2\/product_tag?post=3751"}],"curies":[{"name":"wp","href":"https:\/\/api.w.org\/{rel}","templated":true}]}}