{"id":3781,"date":"2023-01-10T18:59:39","date_gmt":"2023-01-10T18:59:39","guid":{"rendered":"https:\/\/www.biax.de\/product\/non%20class\u00e9\/t-27-65-olfrei-65-000-1-min\/"},"modified":"2024-06-05T07:50:17","modified_gmt":"2024-06-05T07:50:17","slug":"t-27-65-olfrei-65-000-1-min","status":"publish","type":"product","link":"https:\/\/biax.de\/fr\/product\/t-27-65-olfrei-65-000-1-min\/","title":{"rendered":"T 27-65 \u2013 sans huile, 65.000 1\/min"},"content":{"rendered":"<p>Gr\u00e2ce au fonctionnement sans huile, il n&rsquo;y a pas de brouillard d&rsquo;huile sur les pi\u00e8ces. La vitesse de rotation \u00e9lev\u00e9e, adapt\u00e9e \u00e0 chaque outil, permet d&rsquo;obtenir une image de meulage et de fraisage optimale. Haute pr\u00e9cision de rotation, faible niveau sonore, Conception particuli\u00e8rement r\u00e9sistante \u00e0 l&rsquo;usure et con\u00e7ue pour de longues dur\u00e9es de fonctionnement continu.<\/p>\n","protected":false},"excerpt":{"rendered":"<p>Gr\u00e2ce au fonctionnement sans huile, il n&rsquo;y a pas de brouillard d&rsquo;huile sur les pi\u00e8ces. La vitesse de rotation \u00e9lev\u00e9e, adapt\u00e9e \u00e0 chaque outil, permet d&rsquo;obtenir une image de meulage et de fraisage optimale. Haute pr\u00e9cision de rotation, faible niveau sonore, Conception particuli\u00e8rement r\u00e9sistante \u00e0 l&rsquo;usure et con\u00e7ue pour de longues dur\u00e9es de fonctionnement continu.<\/p>\n","protected":false},"featured_media":2538,"comment_status":"open","ping_status":"closed","template":"","meta":{"_acf_changed":false,"inline_featured_image":false},"product_brand":[],"product_cat":[303],"product_tag":[],"class_list":{"0":"post-3781","1":"product","2":"type-product","3":"status-publish","4":"has-post-thumbnail","6":"product_cat-gerade-spindeln-fr","7":"entry","9":"first","10":"instock","11":"shipping-taxable","12":"product-type-simple"},"acf":[],"_links":{"self":[{"href":"https:\/\/biax.de\/fr\/wp-json\/wp\/v2\/product\/3781","targetHints":{"allow":["GET"]}}],"collection":[{"href":"https:\/\/biax.de\/fr\/wp-json\/wp\/v2\/product"}],"about":[{"href":"https:\/\/biax.de\/fr\/wp-json\/wp\/v2\/types\/product"}],"replies":[{"embeddable":true,"href":"https:\/\/biax.de\/fr\/wp-json\/wp\/v2\/comments?post=3781"}],"wp:featuredmedia":[{"embeddable":true,"href":"https:\/\/biax.de\/fr\/wp-json\/wp\/v2\/media\/2538"}],"wp:attachment":[{"href":"https:\/\/biax.de\/fr\/wp-json\/wp\/v2\/media?parent=3781"}],"wp:term":[{"taxonomy":"product_brand","embeddable":true,"href":"https:\/\/biax.de\/fr\/wp-json\/wp\/v2\/product_brand?post=3781"},{"taxonomy":"product_cat","embeddable":true,"href":"https:\/\/biax.de\/fr\/wp-json\/wp\/v2\/product_cat?post=3781"},{"taxonomy":"product_tag","embeddable":true,"href":"https:\/\/biax.de\/fr\/wp-json\/wp\/v2\/product_tag?post=3781"}],"curies":[{"name":"wp","href":"https:\/\/api.w.org\/{rel}","templated":true}]}}