{"id":3897,"date":"2023-01-09T11:23:25","date_gmt":"2023-01-09T11:23:25","guid":{"rendered":"https:\/\/www.biax.de\/product\/non%20class\u00e9\/be-805-bis-senk-o-24-mm\/"},"modified":"2024-06-10T09:59:53","modified_gmt":"2024-06-10T09:59:53","slug":"be-805-bis-senk-o-24-mm","status":"publish","type":"product","link":"https:\/\/biax.de\/fr\/product\/be-805-bis-senk-o-24-mm\/","title":{"rendered":"BE 805 \u2013 jusqu\u2019au \u00d8 d\u2019enfoncement 24 mm"},"content":{"rendered":"<p>Les \u00e9bavureurs de trous droits existent en trois tailles diff\u00e9rentes pour diff\u00e9rents types de trous. Le d\u00e9marrage par pouss\u00e9e facilite la manipulation. Il est \u00e9galement possible de r\u00e9guler la vitesse de rotation.<\/p>\n","protected":false},"excerpt":{"rendered":"<p>Les \u00e9bavureurs de trous droits existent en trois tailles diff\u00e9rentes pour diff\u00e9rents types de trous. Le d\u00e9marrage par pouss\u00e9e facilite la manipulation. Il est \u00e9galement possible de r\u00e9guler la vitesse de rotation.<\/p>\n","protected":false},"featured_media":2400,"comment_status":"open","ping_status":"closed","template":"","meta":{"_acf_changed":false,"inline_featured_image":false},"product_brand":[],"product_cat":[302],"product_tag":[],"class_list":{"0":"post-3897","1":"product","2":"type-product","3":"status-publish","4":"has-post-thumbnail","6":"product_cat-gerade-bohrentgrater-fr","7":"entry","9":"first","10":"instock","11":"shipping-taxable","12":"product-type-simple"},"acf":[],"_links":{"self":[{"href":"https:\/\/biax.de\/fr\/wp-json\/wp\/v2\/product\/3897","targetHints":{"allow":["GET"]}}],"collection":[{"href":"https:\/\/biax.de\/fr\/wp-json\/wp\/v2\/product"}],"about":[{"href":"https:\/\/biax.de\/fr\/wp-json\/wp\/v2\/types\/product"}],"replies":[{"embeddable":true,"href":"https:\/\/biax.de\/fr\/wp-json\/wp\/v2\/comments?post=3897"}],"wp:featuredmedia":[{"embeddable":true,"href":"https:\/\/biax.de\/fr\/wp-json\/wp\/v2\/media\/2400"}],"wp:attachment":[{"href":"https:\/\/biax.de\/fr\/wp-json\/wp\/v2\/media?parent=3897"}],"wp:term":[{"taxonomy":"product_brand","embeddable":true,"href":"https:\/\/biax.de\/fr\/wp-json\/wp\/v2\/product_brand?post=3897"},{"taxonomy":"product_cat","embeddable":true,"href":"https:\/\/biax.de\/fr\/wp-json\/wp\/v2\/product_cat?post=3897"},{"taxonomy":"product_tag","embeddable":true,"href":"https:\/\/biax.de\/fr\/wp-json\/wp\/v2\/product_tag?post=3897"}],"curies":[{"name":"wp","href":"https:\/\/api.w.org\/{rel}","templated":true}]}}