{"id":4009,"date":"2023-01-09T06:38:28","date_gmt":"2023-01-09T06:38:28","guid":{"rendered":"https:\/\/www.biax.de\/product\/non%20class\u00e9\/wrh-6-20-3-z-20-000-1-min-hebelventil\/"},"modified":"2024-06-07T09:47:52","modified_gmt":"2024-06-07T09:47:52","slug":"wrh-6-20-3-z-20-000-1-min-hebelventil","status":"publish","type":"product","link":"https:\/\/biax.de\/fr\/product\/wrh-6-20-3-z-20-000-1-min-hebelventil\/","title":{"rendered":"WRH 6-20\/3 Z \u2013 20.000 1\/min, vanne \u00e0 levier"},"content":{"rendered":"<p>Ces petites meuleuses d&rsquo;angle puissantes ont une t\u00eate plate, un engrenage robuste et sont parfaitement adapt\u00e9es \u00e0 la transmission d&rsquo;un couple \u00e9lev\u00e9 gr\u00e2ce \u00e0 leur double palier. Vous pouvez obtenir le porte-outil en deux variantes :<br \/>\n&#8211; avec pince de serrage 6 mm<br \/>\n&#8211; avec logement filet\u00e9 M10.<\/p>\n","protected":false},"excerpt":{"rendered":"<p>Ces petites meuleuses d&rsquo;angle puissantes ont une t\u00eate plate, un engrenage robuste et sont parfaitement adapt\u00e9es \u00e0 la transmission d&rsquo;un couple \u00e9lev\u00e9 gr\u00e2ce \u00e0 leur double palier. Vous pouvez obtenir le porte-outil en deux variantes : &#8211; avec pince de serrage 6 mm &#8211; avec logement filet\u00e9 M10.<\/p>\n","protected":false},"featured_media":2274,"comment_status":"open","ping_status":"closed","template":"","meta":{"_acf_changed":false,"inline_featured_image":false},"product_brand":[],"product_cat":[346],"product_tag":[],"class_list":{"0":"post-4009","1":"product","2":"type-product","3":"status-publish","4":"has-post-thumbnail","6":"product_cat-meuleuses-angulaires-fr","7":"entry","9":"first","10":"instock","11":"shipping-taxable","12":"product-type-simple"},"acf":[],"_links":{"self":[{"href":"https:\/\/biax.de\/fr\/wp-json\/wp\/v2\/product\/4009","targetHints":{"allow":["GET"]}}],"collection":[{"href":"https:\/\/biax.de\/fr\/wp-json\/wp\/v2\/product"}],"about":[{"href":"https:\/\/biax.de\/fr\/wp-json\/wp\/v2\/types\/product"}],"replies":[{"embeddable":true,"href":"https:\/\/biax.de\/fr\/wp-json\/wp\/v2\/comments?post=4009"}],"wp:featuredmedia":[{"embeddable":true,"href":"https:\/\/biax.de\/fr\/wp-json\/wp\/v2\/media\/2274"}],"wp:attachment":[{"href":"https:\/\/biax.de\/fr\/wp-json\/wp\/v2\/media?parent=4009"}],"wp:term":[{"taxonomy":"product_brand","embeddable":true,"href":"https:\/\/biax.de\/fr\/wp-json\/wp\/v2\/product_brand?post=4009"},{"taxonomy":"product_cat","embeddable":true,"href":"https:\/\/biax.de\/fr\/wp-json\/wp\/v2\/product_cat?post=4009"},{"taxonomy":"product_tag","embeddable":true,"href":"https:\/\/biax.de\/fr\/wp-json\/wp\/v2\/product_tag?post=4009"}],"curies":[{"name":"wp","href":"https:\/\/api.w.org\/{rel}","templated":true}]}}