{"id":4330,"date":"2023-01-08T19:59:41","date_gmt":"2023-01-08T19:59:41","guid":{"rendered":"https:\/\/www.biax.de\/product\/non%20class\u00e9\/sbrd-830-30-000-1-min-zweihandschleifer\/"},"modified":"2024-06-06T12:26:42","modified_gmt":"2024-06-06T12:26:42","slug":"sbrd-830-30-000-1-min-zweihandschleifer","status":"publish","type":"product","link":"https:\/\/biax.de\/fr\/product\/sbrd-830-30-000-1-min-zweihandschleifer\/","title":{"rendered":"SBRD 830 \u2013 30.000 1\/min, Zweihandschleifer"},"content":{"rendered":"<p>Auf Basis der SRD 8-30\/2 wurde diese Maschine f\u00fcr extreme Belastungen konstruiert. Die verl\u00e4ngerte Spindel erm\u00f6glicht den beidh\u00e4ndigen Einsatz. Die gepaarte Lagerung erh\u00f6ht die Standzeit. Ideal f\u00fcr leichte Schrupparbeiten an Gussteilen.<\/p>\n","protected":false},"excerpt":{"rendered":"<p>Auf Basis der SRD 8-30\/2 wurde diese Maschine f\u00fcr extreme Belastungen konstruiert. Die verl\u00e4ngerte Spindel erm\u00f6glicht den beidh\u00e4ndigen Einsatz. Die gepaarte Lagerung erh\u00f6ht die Standzeit. Ideal f\u00fcr leichte Schrupparbeiten an Gussteilen.<\/p>\n","protected":false},"featured_media":2202,"comment_status":"open","ping_status":"closed","template":"","meta":{"_acf_changed":false,"inline_featured_image":false},"product_brand":[],"product_cat":[265],"product_tag":[],"class_list":{"0":"post-4330","1":"product","2":"type-product","3":"status-publish","4":"has-post-thumbnail","6":"product_cat-30-000-45-000-1-min-fr","7":"entry","9":"first","10":"instock","11":"shipping-taxable","12":"product-type-simple"},"acf":[],"_links":{"self":[{"href":"https:\/\/biax.de\/fr\/wp-json\/wp\/v2\/product\/4330","targetHints":{"allow":["GET"]}}],"collection":[{"href":"https:\/\/biax.de\/fr\/wp-json\/wp\/v2\/product"}],"about":[{"href":"https:\/\/biax.de\/fr\/wp-json\/wp\/v2\/types\/product"}],"replies":[{"embeddable":true,"href":"https:\/\/biax.de\/fr\/wp-json\/wp\/v2\/comments?post=4330"}],"wp:featuredmedia":[{"embeddable":true,"href":"https:\/\/biax.de\/fr\/wp-json\/wp\/v2\/media\/2202"}],"wp:attachment":[{"href":"https:\/\/biax.de\/fr\/wp-json\/wp\/v2\/media?parent=4330"}],"wp:term":[{"taxonomy":"product_brand","embeddable":true,"href":"https:\/\/biax.de\/fr\/wp-json\/wp\/v2\/product_brand?post=4330"},{"taxonomy":"product_cat","embeddable":true,"href":"https:\/\/biax.de\/fr\/wp-json\/wp\/v2\/product_cat?post=4330"},{"taxonomy":"product_tag","embeddable":true,"href":"https:\/\/biax.de\/fr\/wp-json\/wp\/v2\/product_tag?post=4330"}],"curies":[{"name":"wp","href":"https:\/\/api.w.org\/{rel}","templated":true}]}}