{"id":4826,"date":"2023-03-16T11:35:56","date_gmt":"2023-03-16T12:03:15","guid":{"rendered":"https:\/\/www.biax.de\/product\/non%20class\u00e9\/zk-7\/"},"modified":"2023-03-16T12:03:16","modified_gmt":"2023-03-16T12:03:16","slug":"zk-7","status":"publish","type":"product","link":"https:\/\/biax.de\/fr\/product\/zk-7\/","title":{"rendered":"ZK 7"},"content":{"rendered":"<p>Longueur 1500 mm, \u00e2me de l&rsquo;arbre \u00d8 7 mm, tuyau de protection en caoutchouc \u00d8 16 mm.<\/p>\n","protected":false},"excerpt":{"rendered":"<p>Longueur 1500 mm, \u00e2me de l&rsquo;arbre \u00d8 7 mm, tuyau de protection en caoutchouc \u00d8 16 mm.<\/p>\n","protected":false},"featured_media":4818,"comment_status":"open","ping_status":"closed","template":"","meta":{"_acf_changed":false,"inline_featured_image":false},"product_brand":[],"product_cat":[460],"product_tag":[],"class_list":{"0":"post-4826","1":"product","2":"type-product","3":"status-publish","4":"has-post-thumbnail","6":"product_cat-fuer-maschinen-mb-3-z-mb-5-z-mbf-15-z-fr-2","7":"entry","9":"first","10":"instock","11":"shipping-taxable","12":"product-type-simple"},"acf":[],"_links":{"self":[{"href":"https:\/\/biax.de\/fr\/wp-json\/wp\/v2\/product\/4826","targetHints":{"allow":["GET"]}}],"collection":[{"href":"https:\/\/biax.de\/fr\/wp-json\/wp\/v2\/product"}],"about":[{"href":"https:\/\/biax.de\/fr\/wp-json\/wp\/v2\/types\/product"}],"replies":[{"embeddable":true,"href":"https:\/\/biax.de\/fr\/wp-json\/wp\/v2\/comments?post=4826"}],"wp:featuredmedia":[{"embeddable":true,"href":"https:\/\/biax.de\/fr\/wp-json\/wp\/v2\/media\/4818"}],"wp:attachment":[{"href":"https:\/\/biax.de\/fr\/wp-json\/wp\/v2\/media?parent=4826"}],"wp:term":[{"taxonomy":"product_brand","embeddable":true,"href":"https:\/\/biax.de\/fr\/wp-json\/wp\/v2\/product_brand?post=4826"},{"taxonomy":"product_cat","embeddable":true,"href":"https:\/\/biax.de\/fr\/wp-json\/wp\/v2\/product_cat?post=4826"},{"taxonomy":"product_tag","embeddable":true,"href":"https:\/\/biax.de\/fr\/wp-json\/wp\/v2\/product_tag?post=4826"}],"curies":[{"name":"wp","href":"https:\/\/api.w.org\/{rel}","templated":true}]}}