{"id":3673,"date":"2023-01-13T09:38:13","date_gmt":"2023-01-13T09:38:13","guid":{"rendered":"https:\/\/www.biax.de\/product\/senza-categoria\/rwa-2-40-40-000-1-min\/"},"modified":"2024-06-10T06:59:10","modified_gmt":"2024-06-10T06:59:10","slug":"rwa-2-40-40-000-1-min","status":"publish","type":"product","link":"https:\/\/biax.de\/it\/product\/rwa-2-40-40-000-1-min\/","title":{"rendered":"RWA 2-40 \u2013 40.000 1\/min"},"content":{"rendered":"<p>Con questo mandrino ad aria compressa deflettente \u00e8 possibile compensare le tolleranze dei componenti e del posizionamento durante la lavorazione.<br \/>\nCi\u00f2 significa che \u00e8 possibile lavorare il contorno di un componente con una pressione di contatto costante e quindi ottenere un&#8217;asportazione uniforme, anche in presenza di dimensioni fluttuanti del componente o di imprecisioni nel posizionamento.<br \/>\nLa forza di deflessione (12 &#8211; 32 N) \u00e8 regolabile separatamente e in modo continuo tramite la pressione (2-6 bar).<br \/>\n\u00c8 quindi possibile regolare in modo ottimale la velocit\u00e0 di asportazione in base allo spessore della bava.<br \/>\nI pistoni, pressurizzati con aria compressa, spingono sempre l&#8217;utensile nella posizione di zero contro l&#8217;arresto fisso dopo una deviazione. Isteresi pari a zero.<br \/>\nIl campo di applicazione ottimale per questo sistema \u00e8, ad esempio, la sbavatura automatizzata di fusioni o componenti lavorati in combinazione con un robot industriale.<br \/>\nUna flangia di adattamento per un montaggio semplificato del sistema \u00e8 disponibile direttamente da noi.<\/p>\n","protected":false},"excerpt":{"rendered":"<p>Con questo mandrino ad aria compressa deflettente \u00e8 possibile compensare le tolleranze dei componenti e del posizionamento durante la lavorazione. Ci\u00f2 significa che \u00e8 possibile lavorare il contorno di un componente con una pressione di contatto costante e quindi ottenere un&#8217;asportazione uniforme, anche in presenza di dimensioni fluttuanti del componente o di imprecisioni nel posizionamento.&hellip; <a class=\"more-link\" href=\"https:\/\/biax.de\/it\/product\/rwa-2-40-40-000-1-min\/\">Continua a leggere <span class=\"screen-reader-text\">RWA 2-40 \u2013 40.000 1\/min<\/span><\/a><\/p>\n","protected":false},"featured_media":2653,"comment_status":"open","ping_status":"closed","template":"","meta":{"_acf_changed":false,"inline_featured_image":false},"product_brand":[],"product_cat":[430],"product_tag":[],"class_list":{"0":"post-3673","1":"product","2":"type-product","3":"status-publish","4":"has-post-thumbnail","6":"product_cat-spindeln-mit-radialer-auslenkung-fur-stationaren-einsatz-oder-robotergefuhrt-it","7":"entry","9":"first","10":"instock","11":"shipping-taxable","12":"product-type-simple"},"acf":[],"_links":{"self":[{"href":"https:\/\/biax.de\/it\/wp-json\/wp\/v2\/product\/3673","targetHints":{"allow":["GET"]}}],"collection":[{"href":"https:\/\/biax.de\/it\/wp-json\/wp\/v2\/product"}],"about":[{"href":"https:\/\/biax.de\/it\/wp-json\/wp\/v2\/types\/product"}],"replies":[{"embeddable":true,"href":"https:\/\/biax.de\/it\/wp-json\/wp\/v2\/comments?post=3673"}],"wp:featuredmedia":[{"embeddable":true,"href":"https:\/\/biax.de\/it\/wp-json\/wp\/v2\/media\/2653"}],"wp:attachment":[{"href":"https:\/\/biax.de\/it\/wp-json\/wp\/v2\/media?parent=3673"}],"wp:term":[{"taxonomy":"product_brand","embeddable":true,"href":"https:\/\/biax.de\/it\/wp-json\/wp\/v2\/product_brand?post=3673"},{"taxonomy":"product_cat","embeddable":true,"href":"https:\/\/biax.de\/it\/wp-json\/wp\/v2\/product_cat?post=3673"},{"taxonomy":"product_tag","embeddable":true,"href":"https:\/\/biax.de\/it\/wp-json\/wp\/v2\/product_tag?post=3673"}],"curies":[{"name":"wp","href":"https:\/\/api.w.org\/{rel}","templated":true}]}}